{"id":3198,"date":"2019-03-07T15:07:58","date_gmt":"2019-03-07T14:07:58","guid":{"rendered":"https:\/\/www.gedis.org\/imprint\/"},"modified":"2024-08-05T10:55:52","modified_gmt":"2024-08-05T08:55:52","slug":"imprint","status":"publish","type":"page","link":"https:\/\/www.gedis.org\/en\/imprint\/","title":{"rendered":"Imprint"},"content":{"rendered":"\n<style type=\"text\/css\" data-created_by=\"avia_inline_auto\" id=\"style-css-av-145nae-a66f8f4c23bbb85d9438cd388fee6fa7\">\n.avia-section.av-145nae-a66f8f4c23bbb85d9438cd388fee6fa7{\nbackground-color:#0098a0;\nbackground-image:unset;\n}\n<\/style>\n<div id='av_section_1'  class='avia-section av-145nae-a66f8f4c23bbb85d9438cd388fee6fa7 main_color avia-section-default avia-no-border-styling  avia-builder-el-0  el_before_av_section  avia-builder-el-first  avia-bg-style-fixed av-minimum-height av-minimum-height-custom av-height-custom  container_wrap fullsize'   data-av_minimum_height_px='150'><div class='container av-section-cont-open' style='height:150px'><main  role=\"main\" itemprop=\"mainContentOfPage\"  class='template-page content  av-content-full alpha units'><div class='post-entry post-entry-type-page post-entry-3198'><div class='entry-content-wrapper clearfix'>\n\n<style type=\"text\/css\" data-created_by=\"avia_inline_auto\" id=\"style-css-av-jgf3pjem-ee2a691ebc0a9a100bc99d372a9c72ca\">\n#top .flex_column.av-jgf3pjem-ee2a691ebc0a9a100bc99d372a9c72ca{\nmargin-top:0px;\nmargin-bottom:0px;\n}\n.flex_column.av-jgf3pjem-ee2a691ebc0a9a100bc99d372a9c72ca{\nborder-radius:0px 0px 0px 0px;\npadding:0px 0px 0px 0px;\n}\n.responsive #top #wrap_all .flex_column.av-jgf3pjem-ee2a691ebc0a9a100bc99d372a9c72ca{\nmargin-top:0px;\nmargin-bottom:0px;\n}\n<\/style>\n<div  class='flex_column av-jgf3pjem-ee2a691ebc0a9a100bc99d372a9c72ca av_one_full  avia-builder-el-1  avia-builder-el-no-sibling  first flex_column_div av-animated-generic left-to-right av-zero-column-padding  '     ><style type=\"text\/css\" data-created_by=\"avia_inline_auto\" id=\"style-css-av-jo7a9xrd-3408894f1e3f0b227a6ce8230c1d33aa\">\n#top .av-special-heading.av-jo7a9xrd-3408894f1e3f0b227a6ce8230c1d33aa{\nmargin:0 0 0 0;\npadding-bottom:0;\ncolor:#ffffff;\nfont-size:30px;\n}\nbody .av-special-heading.av-jo7a9xrd-3408894f1e3f0b227a6ce8230c1d33aa .av-special-heading-tag .heading-char{\nfont-size:25px;\n}\n#top #wrap_all .av-special-heading.av-jo7a9xrd-3408894f1e3f0b227a6ce8230c1d33aa .av-special-heading-tag{\nfont-size:30px;\n}\n.av-special-heading.av-jo7a9xrd-3408894f1e3f0b227a6ce8230c1d33aa .special-heading-inner-border{\nborder-color:#ffffff;\n}\n.av-special-heading.av-jo7a9xrd-3408894f1e3f0b227a6ce8230c1d33aa .av-subheading{\nfont-size:25px;\n}\n\n@media only screen and (min-width: 480px) and (max-width: 767px){ \n#top #wrap_all .av-special-heading.av-jo7a9xrd-3408894f1e3f0b227a6ce8230c1d33aa .av-special-heading-tag{\nfont-size:0.8em;\n}\n}\n\n@media only screen and (max-width: 479px){ \n#top #wrap_all .av-special-heading.av-jo7a9xrd-3408894f1e3f0b227a6ce8230c1d33aa .av-special-heading-tag{\nfont-size:0.8em;\n}\n}\n<\/style>\n<div  class='av-special-heading av-jo7a9xrd-3408894f1e3f0b227a6ce8230c1d33aa av-special-heading-h2 custom-color-heading blockquote modern-quote  avia-builder-el-2  avia-builder-el-no-sibling  av-inherit-size'><h2 class='av-special-heading-tag '  itemprop=\"headline\"  >Imprint<\/h2><div class=\"special-heading-border\"><div class=\"special-heading-inner-border\"><\/div><\/div><\/div><\/div>\n\n<\/div><\/div><\/main><!-- close content main element --><\/div><\/div>\n<style type=\"text\/css\" data-created_by=\"avia_inline_auto\" id=\"style-css-av-qet8u-d0d7b6bf665de07b3241cbd336553589\">\n.avia-section.av-qet8u-d0d7b6bf665de07b3241cbd336553589{\nbackground-color:#ffffff;\nbackground-image:url(https:\/\/www.gedis.org\/wp-content\/uploads\/2019\/02\/Hintergrund_Gedis-transparent.png);\nbackground-repeat:no-repeat;\nbackground-position:50% 0%;\nbackground-attachment:scroll;\n}\n.avia-section.av-qet8u-d0d7b6bf665de07b3241cbd336553589 .av-section-color-overlay{\nopacity:0.8;\nbackground-color:#ffffff;\n}\n<\/style>\n<div id='av_section_2'  class='avia-section av-qet8u-d0d7b6bf665de07b3241cbd336553589 main_color avia-section-default avia-no-border-styling  avia-builder-el-3  el_after_av_section  avia-builder-el-last  avia-full-stretch avia-bg-style-scroll av-section-color-overlay-active container_wrap fullsize'  data-section-bg-repeat='stretch'><div class=\"av-section-color-overlay-wrap\"><div class=\"av-section-color-overlay\"><\/div><div class='container av-section-cont-open' ><div class='template-page content  av-content-full alpha units'><div class='post-entry post-entry-type-page post-entry-3198'><div class='entry-content-wrapper clearfix'>\n<div class='flex_column_table av-9wkhy-d3c6eb90d3a8cf5a1e174c4908fd8b26 sc-av_one_full av-equal-height-column-flextable'>\n<style type=\"text\/css\" data-created_by=\"avia_inline_auto\" id=\"style-css-av-9wkhy-d3c6eb90d3a8cf5a1e174c4908fd8b26\">\n#top .flex_column_table.av-equal-height-column-flextable.av-9wkhy-d3c6eb90d3a8cf5a1e174c4908fd8b26{\nmargin-top:0px;\nmargin-bottom:70px;\n}\n.flex_column.av-9wkhy-d3c6eb90d3a8cf5a1e174c4908fd8b26{\nborder-radius:3px 3px 3px 3px;\npadding:40px 40px 40px 40px;\nbackground-color:#f7f7f7;\n}\n<\/style>\n<div  class='flex_column av-9wkhy-d3c6eb90d3a8cf5a1e174c4908fd8b26 av_one_full  avia-builder-el-4  avia-builder-el-no-sibling  first no_margin flex_column_table_cell av-equal-height-column av-align-middle av-animated-generic left-to-right  '     ><section  class='av_textblock_section av-jgrx3l5f-8a36b3c947446d8518a6ac296ef57fb2 '   itemscope=\"itemscope\" itemtype=\"https:\/\/schema.org\/CreativeWork\" ><div class='avia_textblock'  itemprop=\"text\" ><p><strong>GEDIS mbH &amp; Co. KG<\/strong><br \/>\nGesellschaft f\u00fcr elektronische Daten und Informationssysteme mbH &amp; Co. KG<\/p>\n<p>Karrystrasse 1<br \/>\n36041 Fulda<br \/>\nIndustriepark-West Deutschland<\/p>\n<p>Telefon: <a href=\"tel:+4966197380\">+49-661-9738 0<\/a><br \/>\nTelefax: +49-661-10099<br \/>\nEmail: <a href=\"mailto:info@gedis.org\">info@gedis.org<\/a><\/p>\n<p>Gesch\u00e4ftsf\u00fchrer : Wolfgang Schmack und Fabian Schmack<br \/>\nRegistergericht : Amtsgericht Fulda<br \/>\nRegisternummer: HRA 1150 , HRB 997<br \/>\nUmsatzsteuer-Identifikationsnummer gem\u00e4\u00df \u00a7 27 a Umsatzsteuergesetz: DE 112410061<\/p>\n<p>Haftungshinweis: Trotz sorgf\u00e4ltiger inhaltlicher Kontrolle \u00fcbernehmen wir keine Haftung f\u00fcr die Inhalte externer Links. F\u00fcr den Inhalt der verlinkten Seiten sind ausschlie\u00dflich deren Betreiber verantwortlich.<\/p>\n<p><strong>STREITSCHLICHTUNG<\/strong><\/p>\n<p>Die Europ\u00e4ische Kommission stellt eine Plattform zur Online-Streitbeilegung (OS) bereit:\u00a0<a href=\"https:\/\/ec.europa.eu\/consumers\/odr\" target=\"_blank\" rel=\"noopener\">https:\/\/ec.europa.eu\/consumers\/odr<\/a>.<br \/>\nUnsere E-Mail-Adresse finden Sie oben im Impressum.<\/p>\n<p>Wir sind nicht bereit oder verpflichtet, an Streitbeilegungsverfahren vor einer Verbraucherschlichtungsstelle teilzunehmen.<\/p>\n<hr \/>\n<p><strong>Design &amp; Umsetzung:<\/strong><\/p>\n<p>DERBORT \u2013 ONLINE MARKETING<br \/>\nT: +49 (0) 6648 \/ 916 000 8<br \/>\ninfo@derbort-onlinemarketing.de<br \/>\n<a href=\"https:\/\/derbort-onlinemarketing.de\/\" target=\"_blank\" rel=\"noopener noreferrer\">www.derbort-onlinemarketing.de<\/a><\/p>\n<\/div><\/section><\/div><\/div><!--close column table wrapper. Autoclose: 1 -->\n","protected":false},"excerpt":{"rendered":"","protected":false},"author":8,"featured_media":0,"parent":0,"menu_order":0,"comment_status":"closed","ping_status":"closed","template":"","meta":{"footnotes":""},"class_list":["post-3198","page","type-page","status-publish","hentry"],"_links":{"self":[{"href":"https:\/\/www.gedis.org\/en\/wp-json\/wp\/v2\/pages\/3198","targetHints":{"allow":["GET"]}}],"collection":[{"href":"https:\/\/www.gedis.org\/en\/wp-json\/wp\/v2\/pages"}],"about":[{"href":"https:\/\/www.gedis.org\/en\/wp-json\/wp\/v2\/types\/page"}],"author":[{"embeddable":true,"href":"https:\/\/www.gedis.org\/en\/wp-json\/wp\/v2\/users\/8"}],"replies":[{"embeddable":true,"href":"https:\/\/www.gedis.org\/en\/wp-json\/wp\/v2\/comments?post=3198"}],"version-history":[{"count":0,"href":"https:\/\/www.gedis.org\/en\/wp-json\/wp\/v2\/pages\/3198\/revisions"}],"wp:attachment":[{"href":"https:\/\/www.gedis.org\/en\/wp-json\/wp\/v2\/media?parent=3198"}],"curies":[{"name":"wp","href":"https:\/\/api.w.org\/{rel}","templated":true}]}}